{"id":2,"date":"2025-09-09T17:13:19","date_gmt":"2025-09-09T15:13:19","guid":{"rendered":"https:\/\/www.iamamelie007.com\/?page_id=2"},"modified":"2025-09-10T15:30:15","modified_gmt":"2025-09-10T13:30:15","slug":"beispiel-seite","status":"publish","type":"page","link":"https:\/\/www.iamamelie007.com\/?page_id=2","title":{"rendered":"Meine Links"},"content":{"rendered":"<div data-colibri-id=\"2-c1\" class=\"style-202 style-local-2-c1 position-relative\">\n  <!---->\n  <div data-colibri-component=\"section\" data-colibri-id=\"2-c2\" id=\"initial-content\" class=\"h-section h-section-global-spacing d-flex align-items-lg-center align-items-md-center align-items-center style-203 style-local-2-c2 position-relative\">\n    <!---->\n    <!---->\n    <div class=\"h-section-grid-container h-section-boxed-container\">\n      <!---->\n      <div data-colibri-id=\"2-c36\" class=\"h-row-container gutters-row-lg-2 gutters-row-md-2 gutters-row-0 gutters-row-v-lg-2 gutters-row-v-md-2 gutters-row-v-2 style-220 style-local-2-c36 position-relative\">\n        <!---->\n        <div class=\"h-row justify-content-lg-center justify-content-md-center justify-content-center align-items-lg-stretch align-items-md-stretch align-items-stretch gutters-col-lg-2 gutters-col-md-2 gutters-col-0 gutters-col-v-lg-2 gutters-col-v-md-2 gutters-col-v-2\">\n          <!---->\n          <div class=\"h-column h-column-container d-flex h-col-lg-auto h-col-md-auto h-col-auto style-221-outer style-local-2-c37-outer\">\n            <div data-colibri-id=\"2-c37\" class=\"d-flex h-flex-basis h-column__inner h-px-lg-2 h-px-md-2 h-px-2 v-inner-lg-2 v-inner-md-2 v-inner-2 style-221 style-local-2-c37 position-relative\">\n              <!---->\n              <!---->\n              <div class=\"w-100 h-y-container h-column__content h-column__v-align flex-basis-100 align-self-lg-start align-self-md-start align-self-start\">\n                <!---->\n                <div data-colibri-id=\"2-c38\" class=\"h-global-transition-all h-heading style-222 style-local-2-c38 position-relative h-element\">\n                  <!---->\n                  <div class=\"h-heading__outer style-222 style-local-2-c38\">\n                    <!---->\n                    <!---->\n                    <h2 class=\"\">Entdecke die Welt von Iam_Amelie007<\/h2>\n                  <\/div>\n                <\/div>\n              <\/div>\n            <\/div>\n          <\/div>\n        <\/div>\n      <\/div>\n      <div data-colibri-id=\"2-c3\" class=\"h-row-container gutters-row-lg-2 gutters-row-md-2 gutters-row-0 gutters-row-v-lg-2 gutters-row-v-md-2 gutters-row-v-2 style-204 style-local-2-c3 position-relative\">\n        <!---->\n        <div class=\"h-row justify-content-lg-center justify-content-md-center justify-content-center align-items-lg-stretch align-items-md-stretch align-items-stretch gutters-col-lg-2 gutters-col-md-2 gutters-col-0 gutters-col-v-lg-2 gutters-col-v-md-2 gutters-col-v-2\">\n          <!---->\n          <div class=\"h-column h-column-container d-flex h-col-lg-auto h-col-md-auto h-col-auto style-205-outer style-local-2-c4-outer\">\n            <div data-colibri-id=\"2-c4\" class=\"d-flex h-flex-basis h-column__inner h-px-lg-2 h-px-md-2 h-px-2 v-inner-lg-2 v-inner-md-2 v-inner-2 style-205 style-local-2-c4 position-relative\">\n              <!---->\n              <!---->\n              <div class=\"w-100 h-y-container h-column__content h-column__v-align flex-basis-100 align-self-lg-start align-self-md-start align-self-start\">\n                <!---->\n                <div data-colibri-id=\"2-c5\" class=\"h-text h-text-component style-207 style-local-2-c5 position-relative h-element\">\n                  <!---->\n                  <!---->\n                  <div class=\"\">\n                    <p>Willkommen auf meiner offiziellen Linkseite \u2013 hier findest du <strong>alle meine Plattformen, auf denen ich aktiv bin und nat\u00fcrlich den Link zu meinen exklusiven Inhalten und Social Media Auftritte<\/strong>.<\/p>\n                    <p>Ich liebe <strong>Latex, Lack und Leder<\/strong> \u2013 gl\u00e4nzende Outfits, die deine Fantasie befl\u00fcgeln und dich hungrig nach mehr machen. Als <strong>Creator f\u00fcr exklusiven Content<\/strong> zeige ich dir meine verf\u00fchrerische Seite: Fotos,\n                      Videos und Erlebnisse, die dich tiefer in meine Welt eintauchen lassen.<\/p>\n                    <p>\n                      <br>\n                    <\/p>\n                    <p> Folge mir auf meinen <strong>Social Media Kan\u00e4len<\/strong>, entdecke meine <strong>exklusiven Seiten<\/strong> und genie\u00dfe Inhalte, die dich garantiert nicht mehr loslassen.<\/p>\n                    <p>Ob <strong>Latex Fetisch, Lack &amp; Leder Erotik<\/strong> oder meine unverwechselbare Stimme \u2013 hier bekommst du direkten Zugang zu allem, was mich ausmacht.<\/p>\n                    <p><strong>Alle Links, ein Klick. Willkommen bei Iam_Amelie007.<\/strong><\/p>\n                  <\/div>\n                <\/div>\n              <\/div>\n            <\/div>\n          <\/div>\n        <\/div>\n      <\/div>\n    <\/div>\n  <\/div>\n  <div data-colibri-component=\"section\" data-colibri-id=\"2-c6\" id=\"features\" class=\"h-section h-section-global-spacing d-flex align-items-lg-center align-items-md-center align-items-center style-208 style-local-2-c6 position-relative\">\n    <!---->\n    <!---->\n    <div class=\"h-section-grid-container h-section-boxed-container\">\n      <!---->\n      <div data-colibri-id=\"2-c7\" class=\"h-row-container gutters-row-lg-2 gutters-row-md-2 gutters-row-2 gutters-row-v-lg-2 gutters-row-v-md-2 gutters-row-v-2 style-209 style-local-2-c7 position-relative\">\n        <!---->\n        <div class=\"h-row justify-content-lg-center justify-content-md-center justify-content-center align-items-lg-stretch align-items-md-stretch align-items-stretch gutters-col-lg-2 gutters-col-md-2 gutters-col-2 gutters-col-v-lg-2 gutters-col-v-md-2 gutters-col-v-2\">\n          <!---->\n          <div class=\"h-column h-column-container d-flex h-col-lg-3 h-col-md-6 h-col-12 style-210-outer style-local-2-c8-outer\">\n            <div data-colibri-id=\"2-c8\" class=\"d-flex h-flex-basis h-column__inner h-px-lg-3 h-px-md-3 h-px-2 v-inner-lg-3 v-inner-md-3 v-inner-2 style-210 style-local-2-c8 position-relative\">\n              <!---->\n              <!---->\n              <div class=\"w-100 h-y-container h-column__content h-column__v-align flex-basis-100 align-self-lg-center align-self-md-center align-self-center\">\n                <!---->\n                <div data-colibri-id=\"2-c9\" class=\"h-icon style-211 style-local-2-c9 position-relative h-element\">\n                  <!----><span class=\"h-svg-icon h-icon__icon style-211-icon style-local-2-c9-icon\"><!--Icon by Font Awesome (https:\/\/fontawesome.com)-->\n    <svg version=\"1.1\" xmlns=\"http:\/\/www.w3.org\/2000\/svg\" xmlns:xlink=\"http:\/\/www.w3.org\/1999\/xlink\" id=\"instagram\" viewBox=\"0 0 1536 1896.0833\">\n      <path d=\"M1024 896q0-106-75-181t-181-75-181 75-75 181 75 181 181 75 181-75 75-181zm138 0q0 164-115 279t-279 115-279-115-115-279 115-279 279-115 279 115 115 279zm108-410q0 38-27 65t-65 27-65-27-27-65 27-65 65-27 65 27 27 65zM768 266q-7 0-76.5-.5t-105.5 0-96.5 3-103 10T315 297q-50 20-88 58t-58 88q-11 29-18.5 71.5t-10 103-3 96.5 0 105.5.5 76.5-.5 76.5 0 105.5 3 96.5 10 103T169 1349q20 50 58 88t88 58q29 11 71.5 18.5t103 10 96.5 3 105.5 0 76.5-.5 76.5.5 105.5 0 96.5-3 103-10 71.5-18.5q50-20 88-58t58-88q11-29 18.5-71.5t10-103 3-96.5 0-105.5-.5-76.5.5-76.5 0-105.5-3-96.5-10-103T1367 443q-20-50-58-88t-88-58q-29-11-71.5-18.5t-103-10-96.5-3-105.5 0-76.5.5zm768 630q0 229-5 317-10 208-124 322t-322 124q-88 5-317 5t-317-5q-208-10-322-124T5 1213q-5-88-5-317t5-317q10-208 124-322t322-124q88-5 317-5t317 5q208 10 322 124t124 322q5 88 5 317z\"><\/path>\n    <\/svg><\/span><\/div>\n                <div data-colibri-id=\"2-c10\" class=\"h-global-transition-all h-heading style-212 style-local-2-c10 position-relative h-element\">\n                  <!---->\n                  <div class=\"h-heading__outer style-212 style-local-2-c10\">\n                    <!---->\n                    <!---->\n                    <h4 class=\"\">Instagram<\/h4>\n                  <\/div>\n                <\/div>\n                <div data-colibri-id=\"2-c11\" class=\"h-text h-text-component style-213 style-local-2-c11 position-relative h-element\">\n                  <!---->\n                  <!---->\n                  <div class=\"\">\n                    <p>Mein Haupt Instagram Channel<\/p>\n                  <\/div>\n                <\/div>\n                <div data-colibri-id=\"2-c12\" class=\"h-x-container style-214 style-local-2-c12 position-relative h-element\">\n                  <!---->\n                  <div class=\"h-x-container-inner style-dynamic-2-c12-group style-214-spacing style-local-2-c12-spacing\"><span class=\"h-button__outer style-215-outer style-local-2-c13-outer d-inline-flex h-element\"><a h-use-smooth-scroll=\"true\" href=\"https:\/\/www.instagram.com\/iamamelie007\/\"  data-colibri-id=\"2-c13\" class=\"d-flex w-100 align-items-center h-button justify-content-lg-center justify-content-md-center justify-content-center style-215 style-local-2-c13 position-relative\"><!----><!----> <span>Folge mir<\/span><\/a>\n                    <\/span>\n                  <\/div>\n                <\/div>\n              <\/div>\n            <\/div>\n          <\/div>\n          <div class=\"h-column h-column-container d-flex h-col-lg-3 h-col-md-6 h-col-12 style-210-outer style-local-2-c14-outer\">\n            <div data-colibri-id=\"2-c14\" class=\"d-flex h-flex-basis h-column__inner h-px-lg-3 h-px-md-3 h-px-2 v-inner-lg-3 v-inner-md-3 v-inner-2 style-210 style-local-2-c14 position-relative\">\n              <!---->\n              <!---->\n              <div class=\"w-100 h-y-container h-column__content h-column__v-align flex-basis-100 align-self-lg-center align-self-md-center align-self-center\">\n                <!---->\n                <div data-colibri-id=\"2-c15\" class=\"h-icon style-211 style-local-2-c15 position-relative h-element\">\n                  <!----><span class=\"h-svg-icon h-icon__icon style-211-icon style-local-2-c15-icon\"><!--Icon by Font Awesome (https:\/\/fontawesome.com)-->\n    <svg version=\"1.1\" xmlns=\"http:\/\/www.w3.org\/2000\/svg\" xmlns:xlink=\"http:\/\/www.w3.org\/1999\/xlink\" id=\"film\" viewBox=\"0 0 1920 1896.0833\">\n      <path d=\"M384 1600v-128q0-26-19-45t-45-19H192q-26 0-45 19t-19 45v128q0 26 19 45t45 19h128q26 0 45-19t19-45zm0-384v-128q0-26-19-45t-45-19H192q-26 0-45 19t-19 45v128q0 26 19 45t45 19h128q26 0 45-19t19-45zm0-384V704q0-26-19-45t-45-19H192q-26 0-45 19t-19 45v128q0 26 19 45t45 19h128q26 0 45-19t19-45zm1024 768v-512q0-26-19-45t-45-19H576q-26 0-45 19t-19 45v512q0 26 19 45t45 19h768q26 0 45-19t19-45zM384 448V320q0-26-19-45t-45-19H192q-26 0-45 19t-19 45v128q0 26 19 45t45 19h128q26 0 45-19t19-45zm1408 1152v-128q0-26-19-45t-45-19h-128q-26 0-45 19t-19 45v128q0 26 19 45t45 19h128q26 0 45-19t19-45zm-384-768V320q0-26-19-45t-45-19H576q-26 0-45 19t-19 45v512q0 26 19 45t45 19h768q26 0 45-19t19-45zm384 384v-128q0-26-19-45t-45-19h-128q-26 0-45 19t-19 45v128q0 26 19 45t45 19h128q26 0 45-19t19-45zm0-384V704q0-26-19-45t-45-19h-128q-26 0-45 19t-19 45v128q0 26 19 45t45 19h128q26 0 45-19t19-45zm0-384V320q0-26-19-45t-45-19h-128q-26 0-45 19t-19 45v128q0 26 19 45t45 19h128q26 0 45-19t19-45zm128-160v1344q0 66-47 113t-113 47H160q-66 0-113-47T0 1632V288q0-66 47-113t113-47h1600q66 0 113 47t47 113z\"><\/path>\n    <\/svg><\/span><\/div>\n                <div data-colibri-id=\"2-c16\" class=\"h-global-transition-all h-heading style-212 style-local-2-c16 position-relative h-element\">\n                  <!---->\n                  <div class=\"h-heading__outer style-212 style-local-2-c16\">\n                    <!---->\n                    <!---->\n                    <h4 class=\"\">Only Fans<\/h4>\n                  <\/div>\n                <\/div>\n                <div data-colibri-id=\"2-c17\" class=\"h-text h-text-component style-213 style-local-2-c17 position-relative h-element\">\n                  <!---->\n                  <!---->\n                  <div class=\"\">\n                    <p>Meine exklusiven Inhalte &amp; deine M\u00f6glichkeit mit mir pers\u00f6nlich zu schreiben<\/p>\n                  <\/div>\n                <\/div>\n                <div data-colibri-id=\"2-c18\" class=\"h-x-container style-214 style-local-2-c18 position-relative h-element\">\n                  <!---->\n                  <div class=\"h-x-container-inner style-dynamic-2-c18-group style-214-spacing style-local-2-c18-spacing\"><span class=\"h-button__outer style-215-outer style-local-2-c19-outer d-inline-flex h-element\"><a h-use-smooth-scroll=\"true\" href=\"https:\/\/onlyfans.com\/amylefox\/c16\"  data-colibri-id=\"2-c19\" class=\"d-flex w-100 align-items-center h-button justify-content-lg-center justify-content-md-center justify-content-center style-215 style-local-2-c19 position-relative\"><!----><!----> <span>Jetzt abonnieren<\/span><\/a>\n                    <\/span>\n                  <\/div>\n                <\/div>\n              <\/div>\n            <\/div>\n          <\/div>\n          <div class=\"h-column h-column-container d-flex h-col-lg-3 h-col-md-6 h-col-12 style-210-outer style-local-2-c20-outer\">\n            <div data-colibri-id=\"2-c20\" class=\"d-flex h-flex-basis h-column__inner h-px-lg-3 h-px-md-3 h-px-2 v-inner-lg-3 v-inner-md-3 v-inner-2 style-210 style-local-2-c20 position-relative\">\n              <!---->\n              <!---->\n              <div class=\"w-100 h-y-container h-column__content h-column__v-align flex-basis-100 align-self-lg-center align-self-md-center align-self-center\">\n                <!---->\n                <div data-colibri-id=\"2-c21\" class=\"h-icon style-211 style-local-2-c21 position-relative h-element\">\n                  <!----><span class=\"h-svg-icon h-icon__icon style-211-icon style-local-2-c21-icon\"><!--Icon by Font Awesome (https:\/\/fontawesome.com)-->\n    <svg version=\"1.1\" xmlns=\"http:\/\/www.w3.org\/2000\/svg\" xmlns:xlink=\"http:\/\/www.w3.org\/1999\/xlink\" id=\"telegram\" viewBox=\"0 0 1792 1896.0833\">\n      <path d=\"M1189 1307l147-693q9-44-10.5-63t-51.5-7L410 877q-29 11-39.5 25t-2.5 26.5 32 19.5l221 69 513-323q21-14 32-6 7 5-4 15l-415 375-16 228q23 0 45-22l108-104 224 165q64 36 81-38zm603-411q0 182-71 348t-191 286-286 191-348 71-348-71-286-191-191-286T0 896t71-348 191-286T548 71 896 0t348 71 286 191 191 286 71 348z\"><\/path>\n    <\/svg><\/span><\/div>\n                <div data-colibri-id=\"2-c22\" class=\"h-global-transition-all h-heading style-212 style-local-2-c22 position-relative h-element\">\n                  <!---->\n                  <div class=\"h-heading__outer style-212 style-local-2-c22\">\n                    <!---->\n                    <!---->\n                    <h4 class=\"\">Telegram Channel<\/h4>\n                  <\/div>\n                <\/div>\n                <div data-colibri-id=\"2-c23\" class=\"h-text h-text-component style-213 style-local-2-c23 position-relative h-element\">\n                  <!---->\n                  <!---->\n                  <div class=\"\">\n                    <p>Verpasse nie wieder Raabatt Aktionen &amp; News von mir<\/p>\n                  <\/div>\n                <\/div>\n                <div data-colibri-id=\"2-c24\" class=\"h-x-container style-214 style-local-2-c24 position-relative h-element\">\n                  <!---->\n                  <div class=\"h-x-container-inner style-dynamic-2-c24-group style-214-spacing style-local-2-c24-spacing\"><span class=\"h-button__outer style-215-outer style-local-2-c25-outer d-inline-flex h-element\"><a h-use-smooth-scroll=\"true\" href=\"https:\/\/t.me\/amylefox\"  data-colibri-id=\"2-c25\" class=\"d-flex w-100 align-items-center h-button justify-content-lg-center justify-content-md-center justify-content-center style-215 style-local-2-c25 position-relative\"><!----><!----> <span>Abonniere jetzt<\/span><\/a>\n                    <\/span>\n                  <\/div>\n                <\/div>\n              <\/div>\n            <\/div>\n          <\/div>\n          <div class=\"h-column h-column-container d-flex h-col-lg-3 h-col-md-6 h-col-12 style-210-outer style-local-2-c26-outer\">\n            <div data-colibri-id=\"2-c26\" class=\"d-flex h-flex-basis h-column__inner h-px-lg-3 h-px-md-3 h-px-2 v-inner-lg-3 v-inner-md-3 v-inner-2 style-210 style-local-2-c26 position-relative\">\n              <!---->\n              <!---->\n              <div class=\"w-100 h-y-container h-column__content h-column__v-align flex-basis-100 align-self-lg-center align-self-md-center align-self-center\">\n                <!---->\n                <div data-colibri-id=\"2-c27\" class=\"h-icon style-211 style-local-2-c27 position-relative h-element\">\n                  <!----><span class=\"h-svg-icon h-icon__icon style-211-icon style-local-2-c27-icon\"><!--Icon by Font Awesome (https:\/\/fontawesome.com)-->\n    <svg version=\"1.1\" xmlns=\"http:\/\/www.w3.org\/2000\/svg\" xmlns:xlink=\"http:\/\/www.w3.org\/1999\/xlink\" id=\"facebook-f\" viewBox=\"0 0 1024 1896.0833\">\n      <path d=\"M959 12v264H802q-86 0-116 36t-30 108v189h293l-39 296H656v759H350V905H95V609h255V391q0-186 104-288.5T731 0q147 0 228 12z\"><\/path>\n    <\/svg><\/span><\/div>\n                <div data-colibri-id=\"2-c28\" class=\"h-global-transition-all h-heading style-212 style-local-2-c28 position-relative h-element\">\n                  <!---->\n                  <div class=\"h-heading__outer style-212 style-local-2-c28\">\n                    <!---->\n                    <!---->\n                    <h4 class=\"\">Facebook<\/h4>\n                  <\/div>\n                <\/div>\n                <div data-colibri-id=\"2-c29\" class=\"h-text h-text-component style-213 style-local-2-c29 position-relative h-element\">\n                  <!---->\n                  <!---->\n                  <div class=\"\">\n                    <p>Folge meiner offiziellen Facebook Seite<\/p>\n                  <\/div>\n                <\/div>\n                <div data-colibri-id=\"2-c30\" class=\"h-x-container style-214 style-local-2-c30 position-relative h-element\">\n                  <!---->\n                  <div class=\"h-x-container-inner style-dynamic-2-c30-group style-214-spacing style-local-2-c30-spacing\"><span class=\"h-button__outer style-215-outer style-local-2-c31-outer d-inline-flex h-element\"><a h-use-smooth-scroll=\"true\" href=\"https:\/\/www.facebook.com\/p\/IamAmelie007-61575712416049\/\"  data-colibri-id=\"2-c31\" class=\"d-flex w-100 align-items-center h-button justify-content-lg-center justify-content-md-center justify-content-center style-215 style-local-2-c31 position-relative\"><!----><!----> <span>Folge mir<\/span><\/a>\n                    <\/span>\n                  <\/div>\n                <\/div>\n              <\/div>\n            <\/div>\n          <\/div>\n        <\/div>\n      <\/div>\n    <\/div>\n  <\/div>\n<\/div>","protected":false},"excerpt":{"rendered":"<p>Entdecke die Welt von Iam_Amelie007 Willkommen auf meiner offiziellen Linkseite \u2013 hier findest [&hellip;]<\/p>\n","protected":false},"author":1,"featured_media":0,"parent":0,"menu_order":0,"comment_status":"closed","ping_status":"open","template":"page-templates\/full-width-page.php","meta":{"footnotes":""},"class_list":["post-2","page","type-page","status-publish","hentry"],"yoast_head":"<!-- This site is optimized with the Yoast SEO plugin v25.9 - https:\/\/yoast.com\/wordpress\/plugins\/seo\/ -->\n<title>Meine Links - Iam_Amelie007 | Official Creator Page<\/title>\n<meta name=\"robots\" content=\"index, follow, max-snippet:-1, max-image-preview:large, max-video-preview:-1\" \/>\n<link rel=\"canonical\" href=\"https:\/\/www.iamamelie007.com\/?page_id=2\" \/>\n<meta property=\"og:locale\" content=\"de_DE\" \/>\n<meta property=\"og:type\" content=\"article\" \/>\n<meta property=\"og:title\" content=\"Meine Links - Iam_Amelie007 | Official Creator Page\" \/>\n<meta property=\"og:description\" content=\"Entdecke die Welt von Iam_Amelie007 Willkommen auf meiner offiziellen Linkseite \u2013 hier findest [&hellip;]\" \/>\n<meta property=\"og:url\" content=\"https:\/\/www.iamamelie007.com\/?page_id=2\" \/>\n<meta property=\"og:site_name\" content=\"Iam_Amelie007 | Official Creator Page\" \/>\n<meta property=\"article:modified_time\" content=\"2025-09-10T13:30:15+00:00\" \/>\n<meta name=\"twitter:card\" content=\"summary_large_image\" \/>\n<meta name=\"twitter:label1\" content=\"Gesch\u00e4tzte Lesezeit\" \/>\n\t<meta name=\"twitter:data1\" content=\"1\u00a0Minute\" \/>\n<script type=\"application\/ld+json\" class=\"yoast-schema-graph\">{\"@context\":\"https:\/\/schema.org\",\"@graph\":[{\"@type\":\"WebPage\",\"@id\":\"https:\/\/www.iamamelie007.com\/?page_id=2\",\"url\":\"https:\/\/www.iamamelie007.com\/?page_id=2\",\"name\":\"Meine Links - Iam_Amelie007 | Official Creator Page\",\"isPartOf\":{\"@id\":\"https:\/\/www.iamamelie007.com\/#website\"},\"datePublished\":\"2025-09-09T15:13:19+00:00\",\"dateModified\":\"2025-09-10T13:30:15+00:00\",\"breadcrumb\":{\"@id\":\"https:\/\/www.iamamelie007.com\/?page_id=2#breadcrumb\"},\"inLanguage\":\"de\",\"potentialAction\":[{\"@type\":\"ReadAction\",\"target\":[\"https:\/\/www.iamamelie007.com\/?page_id=2\"]}]},{\"@type\":\"BreadcrumbList\",\"@id\":\"https:\/\/www.iamamelie007.com\/?page_id=2#breadcrumb\",\"itemListElement\":[{\"@type\":\"ListItem\",\"position\":1,\"name\":\"Startseite\",\"item\":\"https:\/\/www.iamamelie007.com\/\"},{\"@type\":\"ListItem\",\"position\":2,\"name\":\"Meine Links\"}]},{\"@type\":\"WebSite\",\"@id\":\"https:\/\/www.iamamelie007.com\/#website\",\"url\":\"https:\/\/www.iamamelie007.com\/\",\"name\":\"Iam_Amelie007 | Official Creator Page\",\"description\":\"Amy Starr Lack Latex Leder und alles was gl\u00e4nzt - Dein Pornostar aus der Nachbarschaft\",\"potentialAction\":[{\"@type\":\"SearchAction\",\"target\":{\"@type\":\"EntryPoint\",\"urlTemplate\":\"https:\/\/www.iamamelie007.com\/?s={search_term_string}\"},\"query-input\":{\"@type\":\"PropertyValueSpecification\",\"valueRequired\":true,\"valueName\":\"search_term_string\"}}],\"inLanguage\":\"de\"}]}<\/script>\n<!-- \/ Yoast SEO plugin. -->","yoast_head_json":{"title":"Meine Links - Iam_Amelie007 | Official Creator Page","robots":{"index":"index","follow":"follow","max-snippet":"max-snippet:-1","max-image-preview":"max-image-preview:large","max-video-preview":"max-video-preview:-1"},"canonical":"https:\/\/www.iamamelie007.com\/?page_id=2","og_locale":"de_DE","og_type":"article","og_title":"Meine Links - Iam_Amelie007 | Official Creator Page","og_description":"Entdecke die Welt von Iam_Amelie007 Willkommen auf meiner offiziellen Linkseite \u2013 hier findest [&hellip;]","og_url":"https:\/\/www.iamamelie007.com\/?page_id=2","og_site_name":"Iam_Amelie007 | Official Creator Page","article_modified_time":"2025-09-10T13:30:15+00:00","twitter_card":"summary_large_image","twitter_misc":{"Gesch\u00e4tzte Lesezeit":"1\u00a0Minute"},"schema":{"@context":"https:\/\/schema.org","@graph":[{"@type":"WebPage","@id":"https:\/\/www.iamamelie007.com\/?page_id=2","url":"https:\/\/www.iamamelie007.com\/?page_id=2","name":"Meine Links - Iam_Amelie007 | Official Creator Page","isPartOf":{"@id":"https:\/\/www.iamamelie007.com\/#website"},"datePublished":"2025-09-09T15:13:19+00:00","dateModified":"2025-09-10T13:30:15+00:00","breadcrumb":{"@id":"https:\/\/www.iamamelie007.com\/?page_id=2#breadcrumb"},"inLanguage":"de","potentialAction":[{"@type":"ReadAction","target":["https:\/\/www.iamamelie007.com\/?page_id=2"]}]},{"@type":"BreadcrumbList","@id":"https:\/\/www.iamamelie007.com\/?page_id=2#breadcrumb","itemListElement":[{"@type":"ListItem","position":1,"name":"Startseite","item":"https:\/\/www.iamamelie007.com\/"},{"@type":"ListItem","position":2,"name":"Meine Links"}]},{"@type":"WebSite","@id":"https:\/\/www.iamamelie007.com\/#website","url":"https:\/\/www.iamamelie007.com\/","name":"Iam_Amelie007 | Official Creator Page","description":"Amy Starr Lack Latex Leder und alles was gl\u00e4nzt - Dein Pornostar aus der Nachbarschaft","potentialAction":[{"@type":"SearchAction","target":{"@type":"EntryPoint","urlTemplate":"https:\/\/www.iamamelie007.com\/?s={search_term_string}"},"query-input":{"@type":"PropertyValueSpecification","valueRequired":true,"valueName":"search_term_string"}}],"inLanguage":"de"}]}},"_links":{"self":[{"href":"https:\/\/www.iamamelie007.com\/index.php?rest_route=\/wp\/v2\/pages\/2","targetHints":{"allow":["GET"]}}],"collection":[{"href":"https:\/\/www.iamamelie007.com\/index.php?rest_route=\/wp\/v2\/pages"}],"about":[{"href":"https:\/\/www.iamamelie007.com\/index.php?rest_route=\/wp\/v2\/types\/page"}],"author":[{"embeddable":true,"href":"https:\/\/www.iamamelie007.com\/index.php?rest_route=\/wp\/v2\/users\/1"}],"replies":[{"embeddable":true,"href":"https:\/\/www.iamamelie007.com\/index.php?rest_route=%2Fwp%2Fv2%2Fcomments&post=2"}],"version-history":[{"count":8,"href":"https:\/\/www.iamamelie007.com\/index.php?rest_route=\/wp\/v2\/pages\/2\/revisions"}],"predecessor-version":[{"id":248,"href":"https:\/\/www.iamamelie007.com\/index.php?rest_route=\/wp\/v2\/pages\/2\/revisions\/248"}],"wp:attachment":[{"href":"https:\/\/www.iamamelie007.com\/index.php?rest_route=%2Fwp%2Fv2%2Fmedia&parent=2"}],"curies":[{"name":"wp","href":"https:\/\/api.w.org\/{rel}","templated":true}]}}